{"id":240,"date":"2020-02-18T18:40:12","date_gmt":"2020-02-18T17:40:12","guid":{"rendered":"http:\/\/omarhasan.fr\/?page_id=240"},"modified":"2020-12-19T01:08:36","modified_gmt":"2020-12-19T00:08:36","slug":"portrait","status":"publish","type":"page","link":"https:\/\/omarhasan.fr\/index.php\/portrait\/","title":{"rendered":"Portrait"},"content":{"rendered":"<p>[et_pb_section fb_built=\u00a0\u00bb1&Prime; _builder_version=\u00a0\u00bb4.0.2&Prime; background_color=\u00a0\u00bb#000000&Prime; background_image=\u00a0\u00bbhttp:\/\/vafdmd.com\/oh\/wp-content\/uploads\/2019\/10\/food-bank_57.png\u00a0\u00bb custom_padding=\u00a0\u00bb0px||84px|||\u00a0\u00bb][\/et_pb_section][et_pb_section fb_built=\u00a0\u00bb1&Prime; fullwidth=\u00a0\u00bbon\u00a0\u00bb _builder_version=\u00a0\u00bb4.0.6&Prime;][et_pb_fullwidth_image src=\u00a0\u00bbhttp:\/\/omarhasan.fr\/wp-content\/uploads\/2020\/02\/board.jpg\u00a0\u00bb _builder_version=\u00a0\u00bb4.0.6&Prime; custom_padding=\u00a0\u00bb||0px|||\u00a0\u00bb][\/et_pb_fullwidth_image][\/et_pb_section][et_pb_section fb_built=\u00a0\u00bb1&Prime; _builder_version=\u00a0\u00bb4.0.2&Prime; custom_padding=\u00a0\u00bb21px||29px|||\u00a0\u00bb][et_pb_row _builder_version=\u00a0\u00bb4.0.2&Prime; custom_padding=\u00a0\u00bb||1px|||\u00a0\u00bb][et_pb_column type=\u00a0\u00bb4_4&Prime; _builder_version=\u00a0\u00bb4.0.2&Prime;][et_pb_text _builder_version=\u00a0\u00bb4.0.6&Prime;]<\/p>\n<header class=\"major\"><\/header>\n<p style=\"text-align: justify;\"><span>Je m\u2019appelle Omar HASAN, je suis originaire d\u2019ARGENTINE et comme tout enfant de ce pays, j\u2019ai r\u00eav\u00e9 de devenir footballeur\u2026 sauf qu\u2019\u00e0 16 ans je pesais d\u00e9j\u00e0 une fois et demi le poids de MESSI. D\u00e8s lors tout espoir de devenir un dieu-dribleur \u00e9tait envol\u00e9. Je passe alors du ballon rond \u00e0 l\u2019olive, et de buteur-chasseur de lucarnes, je me m\u00e9tamorphose en raffuteur aff\u00fbt\u00e9 toujours \u00e0 l\u2019aff\u00fbt.<\/span><\/p>\n<p style=\"text-align: justify;\"><span>A partir des ann\u00e9es 90, J\u2019ai commenc\u00e9 par enjamber les championnats d\u2019Argentine, puis j\u2019ai enjamber les adversaires pour faire le grand saut et enfin enjamber les 10000 kms qui s\u00e9parent l\u2019ARGENTINE de la NOUVELLE ZELANDE. Et c\u2019est l\u00e0 que tout a commenc\u00e9 au club des LIONS aux c\u00f4t\u00e9s de John PRESTON, Christian CULLEN, Tana UMAGA, les grands ALLBLACKS. Puis je fais un passage par l\u2019AUSTRALIE et retour chez les LIONS avant de m\u2019envoler pour la France avec les clubs de AUCH, AGEN, TOULOUSE. Que de belles images je garde de ce que f\u00fbt mon premier m\u00e9tier, mon m\u00e9tier d\u2019avant.<\/span><\/p>\n<p style=\"text-align: justify;\"><span>Aujourd\u2019hui, je fais toujours autant de raffut pour tracer ma voix de baryton, je ma\u00eetrise toujours le sens de la com\u00e9die sans \u00eatre oblig\u00e9 de me rouler sur la pelouse pour mieux rouler l\u2019arbitre. Aujourd\u2019hui, j\u2019ai choisi de pousser fort le contre-ut avec plaquage au sol di\u00e8se majeur et je pratique toujours la mi-temps entre les deux actes.<\/span><\/p>\n<p>[\/et_pb_text][\/et_pb_column][\/et_pb_row][\/et_pb_section][et_pb_section fb_built=\u00a0\u00bb1&Prime; _builder_version=\u00a0\u00bb4.0.2&Prime; background_image=\u00a0\u00bbhttp:\/\/vafdmd.com\/oh\/wp-content\/uploads\/2019\/10\/food-bank_56.png\u00a0\u00bb custom_padding=\u00a0\u00bb35px||8px|||\u00a0\u00bb][et_pb_row _builder_version=\u00a0\u00bb4.0.2&Prime;][et_pb_column type=\u00a0\u00bb4_4&Prime; _builder_version=\u00a0\u00bb4.0.2&Prime;][et_pb_social_media_follow _builder_version=\u00a0\u00bb4.7.7&Prime; text_orientation=\u00a0\u00bbcenter\u00a0\u00bb][et_pb_social_media_follow_network social_network=\u00a0\u00bbfacebook\u00a0\u00bb url=\u00a0\u00bbhttps:\/\/www.facebook.com\/Omar-Hasan-135399816500972&Prime; icon_color=\u00a0\u00bb#ffffff\u00a0\u00bb use_icon_font_size=\u00a0\u00bbon\u00a0\u00bb icon_font_size=\u00a0\u00bb25px\u00a0\u00bb _builder_version=\u00a0\u00bb4.7.7&Prime; background_color=\u00a0\u00bb#3b5998&Prime; follow_button=\u00a0\u00bboff\u00a0\u00bb url_new_window=\u00a0\u00bbon\u00a0\u00bb]facebook[\/et_pb_social_media_follow_network][et_pb_social_media_follow_network social_network=\u00a0\u00bbtwitter\u00a0\u00bb url=\u00a0\u00bbhttps:\/\/twitter.com\/OmaHasan\u00a0\u00bb use_icon_font_size=\u00a0\u00bbon\u00a0\u00bb icon_font_size=\u00a0\u00bb25px\u00a0\u00bb _builder_version=\u00a0\u00bb4.7.7&Prime; background_color=\u00a0\u00bb#00aced\u00a0\u00bb follow_button=\u00a0\u00bboff\u00a0\u00bb url_new_window=\u00a0\u00bbon\u00a0\u00bb]twitter[\/et_pb_social_media_follow_network][et_pb_social_media_follow_network social_network=\u00a0\u00bblinkedin\u00a0\u00bb url=\u00a0\u00bbhttps:\/\/www.linkedin.com\/in\/omar-hasan-a1186a18\/\u00a0\u00bb use_icon_font_size=\u00a0\u00bbon\u00a0\u00bb icon_font_size=\u00a0\u00bb25px\u00a0\u00bb _builder_version=\u00a0\u00bb4.7.7&Prime; background_color=\u00a0\u00bb#007bb6&Prime; follow_button=\u00a0\u00bboff\u00a0\u00bb url_new_window=\u00a0\u00bbon\u00a0\u00bb]linkedin[\/et_pb_social_media_follow_network][et_pb_social_media_follow_network social_network=\u00a0\u00bbinstagram\u00a0\u00bb url=\u00a0\u00bbhttps:\/\/www.instagram.com\/omarhasan_baryton\/\u00a0\u00bb use_icon_font_size=\u00a0\u00bbon\u00a0\u00bb icon_font_size=\u00a0\u00bb25px\u00a0\u00bb _builder_version=\u00a0\u00bb4.7.7&Prime; background_color=\u00a0\u00bb#ea2c59&Prime; follow_button=\u00a0\u00bboff\u00a0\u00bb url_new_window=\u00a0\u00bbon\u00a0\u00bb]instagram[\/et_pb_social_media_follow_network][\/et_pb_social_media_follow][\/et_pb_column][\/et_pb_row][\/et_pb_section]<\/p>\n","protected":false},"excerpt":{"rendered":"<p>Je m\u2019appelle Omar HASAN, je suis originaire d\u2019ARGENTINE et comme tout enfant de ce pays, j\u2019ai r\u00eav\u00e9 de devenir footballeur\u2026 sauf qu\u2019\u00e0 16 ans je pesais d\u00e9j\u00e0 une fois et demi le poids de MESSI. D\u00e8s lors tout espoir de devenir un dieu-dribleur \u00e9tait envol\u00e9. Je passe alors du ballon rond \u00e0 l\u2019olive, et de [&hellip;]<\/p>\n","protected":false},"author":1,"featured_media":0,"parent":0,"menu_order":0,"comment_status":"closed","ping_status":"closed","template":"","meta":{"_et_pb_use_builder":"on","_et_pb_old_content":"","_et_gb_content_width":"","footnotes":""},"class_list":["post-240","page","type-page","status-publish","hentry"],"yoast_head":"<!-- This site is optimized with the Yoast SEO plugin v27.3 - https:\/\/yoast.com\/product\/yoast-seo-wordpress\/ -->\n<title>Portrait &#060; Omar Hasan Baryton<\/title>\n<meta name=\"robots\" content=\"index, follow, max-snippet:-1, max-image-preview:large, max-video-preview:-1\" \/>\n<link rel=\"canonical\" href=\"https:\/\/omarhasan.fr\/index.php\/portrait\/\" \/>\n<meta property=\"og:locale\" content=\"fr_FR\" \/>\n<meta property=\"og:type\" content=\"article\" \/>\n<meta property=\"og:title\" content=\"Portrait &#060; Omar Hasan Baryton\" \/>\n<meta property=\"og:description\" content=\"Je m\u2019appelle Omar HASAN, je suis originaire d\u2019ARGENTINE et comme tout enfant de ce pays, j\u2019ai r\u00eav\u00e9 de devenir footballeur\u2026 sauf qu\u2019\u00e0 16 ans je pesais d\u00e9j\u00e0 une fois et demi le poids de MESSI. D\u00e8s lors tout espoir de devenir un dieu-dribleur \u00e9tait envol\u00e9. Je passe alors du ballon rond \u00e0 l\u2019olive, et de [&hellip;]\" \/>\n<meta property=\"og:url\" content=\"https:\/\/omarhasan.fr\/index.php\/portrait\/\" \/>\n<meta property=\"og:site_name\" content=\"Omar Hasan Baryton\" \/>\n<meta property=\"article:modified_time\" content=\"2020-12-19T00:08:36+00:00\" \/>\n<meta name=\"twitter:card\" content=\"summary_large_image\" \/>\n<meta name=\"twitter:site\" content=\"@OmaHasan\" \/>\n<meta name=\"twitter:label1\" content=\"Dur\u00e9e de lecture estim\u00e9e\" \/>\n\t<meta name=\"twitter:data1\" content=\"3 minutes\" \/>\n<script type=\"application\/ld+json\" class=\"yoast-schema-graph\">{\"@context\":\"https:\\\/\\\/schema.org\",\"@graph\":[{\"@type\":\"WebPage\",\"@id\":\"https:\\\/\\\/omarhasan.fr\\\/index.php\\\/portrait\\\/\",\"url\":\"https:\\\/\\\/omarhasan.fr\\\/index.php\\\/portrait\\\/\",\"name\":\"Portrait &#060; Omar Hasan Baryton\",\"isPartOf\":{\"@id\":\"http:\\\/\\\/omarhasan.fr\\\/#website\"},\"datePublished\":\"2020-02-18T17:40:12+00:00\",\"dateModified\":\"2020-12-19T00:08:36+00:00\",\"breadcrumb\":{\"@id\":\"https:\\\/\\\/omarhasan.fr\\\/index.php\\\/portrait\\\/#breadcrumb\"},\"inLanguage\":\"fr-FR\",\"potentialAction\":[{\"@type\":\"ReadAction\",\"target\":[\"https:\\\/\\\/omarhasan.fr\\\/index.php\\\/portrait\\\/\"]}]},{\"@type\":\"BreadcrumbList\",\"@id\":\"https:\\\/\\\/omarhasan.fr\\\/index.php\\\/portrait\\\/#breadcrumb\",\"itemListElement\":[{\"@type\":\"ListItem\",\"position\":1,\"name\":\"Portada\",\"item\":\"https:\\\/\\\/omarhasan.fr\\\/\"},{\"@type\":\"ListItem\",\"position\":2,\"name\":\"Portrait\"}]},{\"@type\":\"WebSite\",\"@id\":\"http:\\\/\\\/omarhasan.fr\\\/#website\",\"url\":\"http:\\\/\\\/omarhasan.fr\\\/\",\"name\":\"Omar Hasan Baryton\",\"description\":\"Omar Hasan Baryton\",\"publisher\":{\"@id\":\"http:\\\/\\\/omarhasan.fr\\\/#\\\/schema\\\/person\\\/a4d2c7deea762e2d869c69ae57fa4aec\"},\"potentialAction\":[{\"@type\":\"SearchAction\",\"target\":{\"@type\":\"EntryPoint\",\"urlTemplate\":\"http:\\\/\\\/omarhasan.fr\\\/?s={search_term_string}\"},\"query-input\":{\"@type\":\"PropertyValueSpecification\",\"valueRequired\":true,\"valueName\":\"search_term_string\"}}],\"inLanguage\":\"fr-FR\"},{\"@type\":[\"Person\",\"Organization\"],\"@id\":\"http:\\\/\\\/omarhasan.fr\\\/#\\\/schema\\\/person\\\/a4d2c7deea762e2d869c69ae57fa4aec\",\"name\":\"omarhasaegbd\",\"image\":{\"@type\":\"ImageObject\",\"inLanguage\":\"fr-FR\",\"@id\":\"https:\\\/\\\/secure.gravatar.com\\\/avatar\\\/df6243cb205ef4e8568a6146f1ed8ffe59315350fda8875bc3750fc517116ba3?s=96&d=mm&r=g\",\"url\":\"https:\\\/\\\/secure.gravatar.com\\\/avatar\\\/df6243cb205ef4e8568a6146f1ed8ffe59315350fda8875bc3750fc517116ba3?s=96&d=mm&r=g\",\"contentUrl\":\"https:\\\/\\\/secure.gravatar.com\\\/avatar\\\/df6243cb205ef4e8568a6146f1ed8ffe59315350fda8875bc3750fc517116ba3?s=96&d=mm&r=g\",\"caption\":\"omarhasaegbd\"},\"logo\":{\"@id\":\"https:\\\/\\\/secure.gravatar.com\\\/avatar\\\/df6243cb205ef4e8568a6146f1ed8ffe59315350fda8875bc3750fc517116ba3?s=96&d=mm&r=g\"}}]}<\/script>\n<!-- \/ Yoast SEO plugin. -->","yoast_head_json":{"title":"Portrait &#060; Omar Hasan Baryton","robots":{"index":"index","follow":"follow","max-snippet":"max-snippet:-1","max-image-preview":"max-image-preview:large","max-video-preview":"max-video-preview:-1"},"canonical":"https:\/\/omarhasan.fr\/index.php\/portrait\/","og_locale":"fr_FR","og_type":"article","og_title":"Portrait &#060; Omar Hasan Baryton","og_description":"Je m\u2019appelle Omar HASAN, je suis originaire d\u2019ARGENTINE et comme tout enfant de ce pays, j\u2019ai r\u00eav\u00e9 de devenir footballeur\u2026 sauf qu\u2019\u00e0 16 ans je pesais d\u00e9j\u00e0 une fois et demi le poids de MESSI. D\u00e8s lors tout espoir de devenir un dieu-dribleur \u00e9tait envol\u00e9. Je passe alors du ballon rond \u00e0 l\u2019olive, et de [&hellip;]","og_url":"https:\/\/omarhasan.fr\/index.php\/portrait\/","og_site_name":"Omar Hasan Baryton","article_modified_time":"2020-12-19T00:08:36+00:00","twitter_card":"summary_large_image","twitter_site":"@OmaHasan","twitter_misc":{"Dur\u00e9e de lecture estim\u00e9e":"3 minutes"},"schema":{"@context":"https:\/\/schema.org","@graph":[{"@type":"WebPage","@id":"https:\/\/omarhasan.fr\/index.php\/portrait\/","url":"https:\/\/omarhasan.fr\/index.php\/portrait\/","name":"Portrait &#060; Omar Hasan Baryton","isPartOf":{"@id":"http:\/\/omarhasan.fr\/#website"},"datePublished":"2020-02-18T17:40:12+00:00","dateModified":"2020-12-19T00:08:36+00:00","breadcrumb":{"@id":"https:\/\/omarhasan.fr\/index.php\/portrait\/#breadcrumb"},"inLanguage":"fr-FR","potentialAction":[{"@type":"ReadAction","target":["https:\/\/omarhasan.fr\/index.php\/portrait\/"]}]},{"@type":"BreadcrumbList","@id":"https:\/\/omarhasan.fr\/index.php\/portrait\/#breadcrumb","itemListElement":[{"@type":"ListItem","position":1,"name":"Portada","item":"https:\/\/omarhasan.fr\/"},{"@type":"ListItem","position":2,"name":"Portrait"}]},{"@type":"WebSite","@id":"http:\/\/omarhasan.fr\/#website","url":"http:\/\/omarhasan.fr\/","name":"Omar Hasan Baryton","description":"Omar Hasan Baryton","publisher":{"@id":"http:\/\/omarhasan.fr\/#\/schema\/person\/a4d2c7deea762e2d869c69ae57fa4aec"},"potentialAction":[{"@type":"SearchAction","target":{"@type":"EntryPoint","urlTemplate":"http:\/\/omarhasan.fr\/?s={search_term_string}"},"query-input":{"@type":"PropertyValueSpecification","valueRequired":true,"valueName":"search_term_string"}}],"inLanguage":"fr-FR"},{"@type":["Person","Organization"],"@id":"http:\/\/omarhasan.fr\/#\/schema\/person\/a4d2c7deea762e2d869c69ae57fa4aec","name":"omarhasaegbd","image":{"@type":"ImageObject","inLanguage":"fr-FR","@id":"https:\/\/secure.gravatar.com\/avatar\/df6243cb205ef4e8568a6146f1ed8ffe59315350fda8875bc3750fc517116ba3?s=96&d=mm&r=g","url":"https:\/\/secure.gravatar.com\/avatar\/df6243cb205ef4e8568a6146f1ed8ffe59315350fda8875bc3750fc517116ba3?s=96&d=mm&r=g","contentUrl":"https:\/\/secure.gravatar.com\/avatar\/df6243cb205ef4e8568a6146f1ed8ffe59315350fda8875bc3750fc517116ba3?s=96&d=mm&r=g","caption":"omarhasaegbd"},"logo":{"@id":"https:\/\/secure.gravatar.com\/avatar\/df6243cb205ef4e8568a6146f1ed8ffe59315350fda8875bc3750fc517116ba3?s=96&d=mm&r=g"}}]}},"_links":{"self":[{"href":"https:\/\/omarhasan.fr\/index.php\/wp-json\/wp\/v2\/pages\/240","targetHints":{"allow":["GET"]}}],"collection":[{"href":"https:\/\/omarhasan.fr\/index.php\/wp-json\/wp\/v2\/pages"}],"about":[{"href":"https:\/\/omarhasan.fr\/index.php\/wp-json\/wp\/v2\/types\/page"}],"author":[{"embeddable":true,"href":"https:\/\/omarhasan.fr\/index.php\/wp-json\/wp\/v2\/users\/1"}],"replies":[{"embeddable":true,"href":"https:\/\/omarhasan.fr\/index.php\/wp-json\/wp\/v2\/comments?post=240"}],"version-history":[{"count":7,"href":"https:\/\/omarhasan.fr\/index.php\/wp-json\/wp\/v2\/pages\/240\/revisions"}],"predecessor-version":[{"id":339,"href":"https:\/\/omarhasan.fr\/index.php\/wp-json\/wp\/v2\/pages\/240\/revisions\/339"}],"wp:attachment":[{"href":"https:\/\/omarhasan.fr\/index.php\/wp-json\/wp\/v2\/media?parent=240"}],"curies":[{"name":"wp","href":"https:\/\/api.w.org\/{rel}","templated":true}]}}