{"id":245,"date":"2020-02-18T18:47:13","date_gmt":"2020-02-18T17:47:13","guid":{"rendered":"http:\/\/omarhasan.fr\/?page_id=245"},"modified":"2020-12-19T01:09:07","modified_gmt":"2020-12-19T00:09:07","slug":"rugby","status":"publish","type":"page","link":"https:\/\/omarhasan.fr\/index.php\/rugby\/","title":{"rendered":"RUGBY"},"content":{"rendered":"<p>[et_pb_section fb_built=\u00a0\u00bb1&Prime; _builder_version=\u00a0\u00bb4.0.2&Prime; background_color=\u00a0\u00bb#000000&Prime; background_image=\u00a0\u00bbhttp:\/\/vafdmd.com\/oh\/wp-content\/uploads\/2019\/10\/food-bank_57.png\u00a0\u00bb custom_padding=\u00a0\u00bb0px||84px|||\u00a0\u00bb][\/et_pb_section][et_pb_section fb_built=\u00a0\u00bb1&Prime; fullwidth=\u00a0\u00bbon\u00a0\u00bb _builder_version=\u00a0\u00bb4.0.6&Prime;][et_pb_fullwidth_image src=\u00a0\u00bbhttp:\/\/omarhasan.fr\/wp-content\/uploads\/2020\/02\/p5.jpg\u00a0\u00bb _builder_version=\u00a0\u00bb4.0.6&Prime;][\/et_pb_fullwidth_image][\/et_pb_section][et_pb_section fb_built=\u00a0\u00bb1&Prime; _builder_version=\u00a0\u00bb4.0.2&Prime; custom_padding=\u00a0\u00bb21px||29px|||\u00a0\u00bb][et_pb_row _builder_version=\u00a0\u00bb4.0.2&Prime; custom_padding=\u00a0\u00bb||1px|||\u00a0\u00bb][et_pb_column type=\u00a0\u00bb4_4&Prime; _builder_version=\u00a0\u00bb4.0.2&Prime;][et_pb_text _builder_version=\u00a0\u00bb4.0.6&Prime;]<\/p>\n<header class=\"major\">\n<h1 style=\"text-align: center;\"><b>OMAR ET LA MARMITE OVALE<\/b><\/h1>\n<\/header>\n<p style=\"text-align: justify;\"><span style=\"font-weight: 400;\">\u00ab\u00a0Quand j\u2019\u00e9tais petit gar\u00e7on, je r\u00e9citais mes le\u00e7ons, en chantant\u00a0!\u00a0\u00bb<\/span><\/p>\n<p style=\"text-align: justify;\"><span style=\"font-weight: 400;\">Euh, pardon\u00a0! Je m\u2019\u00e9gare un peu. \u00c7a c\u2019est Michel Sardou\u00a0!<\/span><\/p>\n<p style=\"text-align: justify;\"><span style=\"font-weight: 400;\">\u00a0Moi, quand j\u2019\u00e9tais petit gar\u00e7on, ain\u00e9 d\u2019une fratrie de cinq, j\u2019\u00e9tais plut\u00f4t une esp\u00e8ce de boucan. Vous savez, ce boucan d\u2019enfer, qui ne tient pas en place, qui cherche la moindre occasion pour faire enrager ses fr\u00e8res et s\u0153urs. Gentil, tr\u00e8s gentil\u00a0! Mais coquin, espi\u00e8gle et tr\u00e8s malicieux. J\u2019\u00e9tais capable de faire mourir de rire un g\u00e2teau sec\u2026<\/span><\/p>\n<p style=\"text-align: justify;\"><span style=\"font-weight: 400;\">J\u2019exasp\u00e9rais mes parents qui cherchaient d\u00e9sesp\u00e9r\u00e9ment une solution pour calmer mes ardeurs. C\u2019est alors que l\u2019id\u00e9e leur vint de m\u2019inscrire au football. Vain projet\u00a0!<\/span><\/p>\n<p style=\"text-align: justify;\"><span style=\"font-weight: 400;\">Avec mon physique qui ressemblait davantage \u00e0 une armoire \u00e0 glace qu\u2019\u00e0 une table de nuit, difficile de tirer mon \u00e9pingle du jeu en courant apr\u00e8s un ballon rond.<\/span><\/p>\n<p style=\"text-align: justify;\"><span style=\"font-weight: 400;\">Non\u00a0! Il me fallait un sport\u00a0viril (pardon pour les footeux\u00a0!), un vrai, un dur\u00a0! Un sport capable de calmer mes effusions d\u00e9bordantes.\u00a0<\/span><\/p>\n<p style=\"text-align: justify;\"><span style=\"font-weight: 400;\">C\u2019est ainsi que je suis arriv\u00e9 au rugby. Pour suivre les copains dans un premier temps. Mais, tr\u00e8s vite, je suis tomb\u00e9 dans la marmite de ce sport et, comme quand je fais quelque chose je le fais \u00e0 fond, j\u2019ai mis tout mon c\u0153ur dans cette nouvelle passion.<\/span><\/p>\n<p style=\"text-align: justify;\"><span style=\"font-weight: 400;\">En 1997, alors que j\u2019avais 26 ans, le club des Lions, en Nouvelle-Z\u00e9lande, m\u2019a fait un appel du pied. Tr\u00e8s attach\u00e9 \u00e0 ma famille et \u00e0 mes amis, j\u2019ai beaucoup r\u00e9fl\u00e9chi avant de me lancer. Mais une opportunit\u00e9 comme celle-l\u00e0 ne pouvait pas se refuser. J\u2019ai donc saut\u00e9 dans un avion et d\u00e9cid\u00e9 de relever ce d\u00e9fi, qui, je vous l\u2019accorde, vu de l\u2019ext\u00e9rieur, pouvait sembler un peu fou. Finalement, c\u2019est le plaisir que j\u2019ai pris sur les terrains qui a \u00e9t\u00e9 fou, entour\u00e9 des plus grands joueurs all-blacks\u00a0: Preston, Cullen, Umaga\u00a0! Un r\u00eave \u00e9veill\u00e9\u00a0!<\/span><\/p>\n<p style=\"text-align: justify;\"><span style=\"font-weight: 400;\">L\u2019ann\u00e9e suivante, j\u2019ai \u00e9t\u00e9 rep\u00e9r\u00e9 par les Brumbies, le fameux club australien. J\u2019ai donc fait un saut de kangourou et v\u00e9cu une nouvelle aventure formidable. Puis je suis revenu en Nouvelle-Z\u00e9lande.\u00a0<\/span><\/p>\n<p style=\"text-align: justify;\"><span style=\"font-weight: 400;\">Mes premi\u00e8res s\u00e9lections avec l\u2019\u00e9quipe nationale argentine, les Pumas, ont \u00e9galement eu lieu durant ces ann\u00e9es. Sans le savoir, je commen\u00e7ais \u00e0 int\u00e9resser les recruteurs un peu partout dans le monde. Et notamment en France.\u00a0\u00a0<\/span><\/p>\n<p style=\"text-align: justify;\"><span style=\"font-weight: 400;\">C\u2019est une rencontre avec un petit homme au grand temp\u00e9rament et au charisme d\u00e9bordant qui a chang\u00e9 ma vie. Cet homme, c\u2019est Jacques Fouroux, le \u00ab\u00a0Petit Caporal\u00a0\u00bb, joueur puis manager du XV de France. En 1998, apr\u00e8s une tourn\u00e9e en France, \u00e0 Nantes tr\u00e8s exactement, j\u2019ai crois\u00e9 son chemin.<\/span><\/p>\n<p style=\"text-align: justify;\"><span style=\"font-weight: 400;\">Et, sans vraiment prendre le temps de r\u00e9fl\u00e9chir, impressionn\u00e9 par l\u2019homme que j\u2019avais en face de moi, j\u2019ai fonc\u00e9\u00a0!\u00a0<\/span><\/p>\n<p style=\"text-align: justify;\"><span style=\"font-weight: 400;\">La direction\u00a0? Auch, le Gers, la Gascogne, D\u2019Artagnan\u00a0! Le pays du bon vivre, mais aussi une terre sacr\u00e9e du rugby. C\u2019est l\u00e0 que j\u2019ai d\u00e9couvert le championnat professionnel fran\u00e7ais. Enfin, ses pr\u00e9mices car, \u00e0 l\u2019\u00e9poque, le FCAG, qui avait des moyens restreints, bataillait f\u00e9rocement pour conserver sa place dans l\u2019\u00e9lite. C\u2019est dans ce beau terroir que j\u2019ai commenc\u00e9, doucement mais s\u00fbrement, \u00e0 converser dans la langue de Moli\u00e8re, et que je suis tomb\u00e9 amoureux du Sud-Ouest et de son bon vivre.\u00a0<\/span><\/p>\n<p style=\"text-align: justify;\"><span style=\"font-weight: 400;\">En juin 1999, j\u2019ai quitt\u00e9 la Gascogne, en y laissant une petite partie de mon c\u0153ur, pour partir disputer ma premi\u00e8re Coupe du Monde. J\u2019en ai disput\u00e9 deux autres par la suite en 2003 et 2007.<\/span><\/p>\n<p style=\"text-align: justify;\"><span style=\"font-weight: 400;\">Que de souvenirs incroyables sous le maillot frapp\u00e9 du Puma\u00a0! J\u2019\u00e9tais sur le toit du monde. Parti de rien et vivant d\u00e9sormais de ma passion.<\/span><\/p>\n<p style=\"text-align: justify;\"><span style=\"font-weight: 400;\">\u00c0 mon retour de cette comp\u00e9tition, j\u2019ai rejoint le pays des pruneaux\u00a0: Agen, dans lequel j\u2019ai poursuivi ma belle d\u00e9couverte du rugby fran\u00e7ais. J\u2019y suis rest\u00e9 jusqu\u2019en 2004.<\/span><\/p>\n<p style=\"text-align: justify;\"><span style=\"font-weight: 400;\">A cette p\u00e9riode, je commen\u00e7ais \u00e0 me poser quelques questions sur ma reconversion. Partir ou rester\u00a0? Me lancer d\u00e9finitivement dans la chanson\u00a0ou poursuivre encore un peu le rugby\u00a0?<\/span><\/p>\n<p style=\"text-align: justify;\"><span style=\"font-weight: 400;\">C\u2019est alors que mon t\u00e9l\u00e9phone a sonn\u00e9. Au bout du fil, le Stade Toulousain. Le mythique Stade Toulousain\u00a0! Impossible de r\u00e9sister bien longtemps aux sir\u00e8nes haut-garonnaises.\u00a0<\/span><\/p>\n<p style=\"text-align: justify;\"><span style=\"font-weight: 400;\">J\u2019ai donc d\u00e9cid\u00e9 de rempiler\u00a0! C\u2019est ainsi que j\u2019ai v\u00e9cu quatre ann\u00e9es merveilleuses sous le maillot rouge et noir, tout en poursuivant en parall\u00e8le ma formation dans le prestigieux Conservatoire de Toulouse et en continuant de d\u00e9velopper ma carri\u00e8re de chanteur lyrique.<\/span><\/p>\n<p style=\"text-align: justify;\"><span style=\"font-weight: 400;\">Apr\u00e8s un merveilleux titre de Champion d\u2019Europe en 2005, j\u2019ai d\u00e9cid\u00e9 de mettre un point final \u00e0 ma carri\u00e8re sportive en 2008 apr\u00e8s avoir soulev\u00e9 pour la premi\u00e8re fois le Bouclier de Brennus.\u00a0<\/span><\/p>\n<p style=\"text-align: justify;\"><span style=\"font-weight: 400;\">Un point final qui allait marquer le d\u00e9but d\u2019une nouvelle vie. D\u00e9sormais je n\u2019allais plus pousser de m\u00eal\u00e9e mais pousser d\u00e9finitivement la chansonnette sur les planches.<\/span><\/p>\n<p style=\"text-align: justify;\"><span style=\"font-weight: 400;\">Le rugby fait aujourd\u2019hui partie de mes souvenirs les plus pr\u00e9cieux et je suis fier de me nourrir de cette exp\u00e9rience pour accomplir de nouveaux r\u00eaves, toujours avec le m\u00eame tempo\u00a0: \u00e0 fond les ballons\u00a0!\u00a0<\/span><\/p>\n<p>[\/et_pb_text][\/et_pb_column][\/et_pb_row][\/et_pb_section][et_pb_section fb_built=\u00a0\u00bb1&Prime; _builder_version=\u00a0\u00bb4.0.2&Prime; background_image=\u00a0\u00bbhttp:\/\/vafdmd.com\/oh\/wp-content\/uploads\/2019\/10\/food-bank_56.png\u00a0\u00bb custom_padding=\u00a0\u00bb35px||8px|||\u00a0\u00bb][et_pb_row _builder_version=\u00a0\u00bb4.0.2&Prime;][et_pb_column type=\u00a0\u00bb4_4&Prime; _builder_version=\u00a0\u00bb4.0.2&Prime;][et_pb_social_media_follow _builder_version=\u00a0\u00bb4.7.7&Prime; text_orientation=\u00a0\u00bbcenter\u00a0\u00bb][et_pb_social_media_follow_network social_network=\u00a0\u00bbfacebook\u00a0\u00bb url=\u00a0\u00bbhttps:\/\/www.facebook.com\/Omar-Hasan-135399816500972&Prime; icon_color=\u00a0\u00bb#ffffff\u00a0\u00bb use_icon_font_size=\u00a0\u00bbon\u00a0\u00bb icon_font_size=\u00a0\u00bb25px\u00a0\u00bb _builder_version=\u00a0\u00bb4.7.7&Prime; background_color=\u00a0\u00bb#3b5998&Prime; follow_button=\u00a0\u00bboff\u00a0\u00bb url_new_window=\u00a0\u00bbon\u00a0\u00bb]facebook[\/et_pb_social_media_follow_network][et_pb_social_media_follow_network social_network=\u00a0\u00bbtwitter\u00a0\u00bb url=\u00a0\u00bbhttps:\/\/twitter.com\/OmaHasan\u00a0\u00bb use_icon_font_size=\u00a0\u00bbon\u00a0\u00bb icon_font_size=\u00a0\u00bb25px\u00a0\u00bb _builder_version=\u00a0\u00bb4.7.7&Prime; background_color=\u00a0\u00bb#00aced\u00a0\u00bb follow_button=\u00a0\u00bboff\u00a0\u00bb url_new_window=\u00a0\u00bbon\u00a0\u00bb]twitter[\/et_pb_social_media_follow_network][et_pb_social_media_follow_network social_network=\u00a0\u00bblinkedin\u00a0\u00bb url=\u00a0\u00bbhttps:\/\/www.linkedin.com\/in\/omar-hasan-a1186a18\/\u00a0\u00bb use_icon_font_size=\u00a0\u00bbon\u00a0\u00bb icon_font_size=\u00a0\u00bb25px\u00a0\u00bb _builder_version=\u00a0\u00bb4.7.7&Prime; background_color=\u00a0\u00bb#007bb6&Prime; follow_button=\u00a0\u00bboff\u00a0\u00bb url_new_window=\u00a0\u00bbon\u00a0\u00bb]linkedin[\/et_pb_social_media_follow_network][et_pb_social_media_follow_network social_network=\u00a0\u00bbinstagram\u00a0\u00bb url=\u00a0\u00bbhttps:\/\/www.instagram.com\/omarhasan_baryton\/\u00a0\u00bb use_icon_font_size=\u00a0\u00bbon\u00a0\u00bb icon_font_size=\u00a0\u00bb25px\u00a0\u00bb _builder_version=\u00a0\u00bb4.7.7&Prime; background_color=\u00a0\u00bb#ea2c59&Prime; follow_button=\u00a0\u00bboff\u00a0\u00bb url_new_window=\u00a0\u00bbon\u00a0\u00bb]instagram[\/et_pb_social_media_follow_network][\/et_pb_social_media_follow][\/et_pb_column][\/et_pb_row][\/et_pb_section]<\/p>\n","protected":false},"excerpt":{"rendered":"<p>OMAR ET LA MARMITE OVALE \u00ab\u00a0Quand j\u2019\u00e9tais petit gar\u00e7on, je r\u00e9citais mes le\u00e7ons, en chantant\u00a0!\u00a0\u00bb Euh, pardon\u00a0! Je m\u2019\u00e9gare un peu. \u00c7a c\u2019est Michel Sardou\u00a0! \u00a0Moi, quand j\u2019\u00e9tais petit gar\u00e7on, ain\u00e9 d\u2019une fratrie de cinq, j\u2019\u00e9tais plut\u00f4t une esp\u00e8ce de boucan. Vous savez, ce boucan d\u2019enfer, qui ne tient pas en place, qui cherche la [&hellip;]<\/p>\n","protected":false},"author":1,"featured_media":0,"parent":0,"menu_order":0,"comment_status":"closed","ping_status":"closed","template":"","meta":{"_et_pb_use_builder":"on","_et_pb_old_content":"","_et_gb_content_width":"","footnotes":""},"class_list":["post-245","page","type-page","status-publish","hentry"],"yoast_head":"<!-- This site is optimized with the Yoast SEO plugin v27.3 - https:\/\/yoast.com\/product\/yoast-seo-wordpress\/ -->\n<title>RUGBY &#060; Omar Hasan Baryton<\/title>\n<meta name=\"robots\" content=\"index, follow, max-snippet:-1, max-image-preview:large, max-video-preview:-1\" \/>\n<link rel=\"canonical\" href=\"https:\/\/omarhasan.fr\/index.php\/rugby\/\" \/>\n<meta property=\"og:locale\" content=\"fr_FR\" \/>\n<meta property=\"og:type\" content=\"article\" \/>\n<meta property=\"og:title\" content=\"RUGBY &#060; Omar Hasan Baryton\" \/>\n<meta property=\"og:description\" content=\"OMAR ET LA MARMITE OVALE \u00ab\u00a0Quand j\u2019\u00e9tais petit gar\u00e7on, je r\u00e9citais mes le\u00e7ons, en chantant\u00a0!\u00a0\u00bb Euh, pardon\u00a0! Je m\u2019\u00e9gare un peu. \u00c7a c\u2019est Michel Sardou\u00a0! \u00a0Moi, quand j\u2019\u00e9tais petit gar\u00e7on, ain\u00e9 d\u2019une fratrie de cinq, j\u2019\u00e9tais plut\u00f4t une esp\u00e8ce de boucan. Vous savez, ce boucan d\u2019enfer, qui ne tient pas en place, qui cherche la [&hellip;]\" \/>\n<meta property=\"og:url\" content=\"https:\/\/omarhasan.fr\/index.php\/rugby\/\" \/>\n<meta property=\"og:site_name\" content=\"Omar Hasan Baryton\" \/>\n<meta property=\"article:modified_time\" content=\"2020-12-19T00:09:07+00:00\" \/>\n<meta name=\"twitter:card\" content=\"summary_large_image\" \/>\n<meta name=\"twitter:site\" content=\"@OmaHasan\" \/>\n<meta name=\"twitter:label1\" content=\"Dur\u00e9e de lecture estim\u00e9e\" \/>\n\t<meta name=\"twitter:data1\" content=\"6 minutes\" \/>\n<script type=\"application\/ld+json\" class=\"yoast-schema-graph\">{\"@context\":\"https:\\\/\\\/schema.org\",\"@graph\":[{\"@type\":\"WebPage\",\"@id\":\"https:\\\/\\\/omarhasan.fr\\\/index.php\\\/rugby\\\/\",\"url\":\"https:\\\/\\\/omarhasan.fr\\\/index.php\\\/rugby\\\/\",\"name\":\"RUGBY &#060; Omar Hasan Baryton\",\"isPartOf\":{\"@id\":\"http:\\\/\\\/omarhasan.fr\\\/#website\"},\"datePublished\":\"2020-02-18T17:47:13+00:00\",\"dateModified\":\"2020-12-19T00:09:07+00:00\",\"breadcrumb\":{\"@id\":\"https:\\\/\\\/omarhasan.fr\\\/index.php\\\/rugby\\\/#breadcrumb\"},\"inLanguage\":\"fr-FR\",\"potentialAction\":[{\"@type\":\"ReadAction\",\"target\":[\"https:\\\/\\\/omarhasan.fr\\\/index.php\\\/rugby\\\/\"]}]},{\"@type\":\"BreadcrumbList\",\"@id\":\"https:\\\/\\\/omarhasan.fr\\\/index.php\\\/rugby\\\/#breadcrumb\",\"itemListElement\":[{\"@type\":\"ListItem\",\"position\":1,\"name\":\"Portada\",\"item\":\"https:\\\/\\\/omarhasan.fr\\\/\"},{\"@type\":\"ListItem\",\"position\":2,\"name\":\"RUGBY\"}]},{\"@type\":\"WebSite\",\"@id\":\"http:\\\/\\\/omarhasan.fr\\\/#website\",\"url\":\"http:\\\/\\\/omarhasan.fr\\\/\",\"name\":\"Omar Hasan Baryton\",\"description\":\"Omar Hasan Baryton\",\"publisher\":{\"@id\":\"http:\\\/\\\/omarhasan.fr\\\/#\\\/schema\\\/person\\\/a4d2c7deea762e2d869c69ae57fa4aec\"},\"potentialAction\":[{\"@type\":\"SearchAction\",\"target\":{\"@type\":\"EntryPoint\",\"urlTemplate\":\"http:\\\/\\\/omarhasan.fr\\\/?s={search_term_string}\"},\"query-input\":{\"@type\":\"PropertyValueSpecification\",\"valueRequired\":true,\"valueName\":\"search_term_string\"}}],\"inLanguage\":\"fr-FR\"},{\"@type\":[\"Person\",\"Organization\"],\"@id\":\"http:\\\/\\\/omarhasan.fr\\\/#\\\/schema\\\/person\\\/a4d2c7deea762e2d869c69ae57fa4aec\",\"name\":\"omarhasaegbd\",\"image\":{\"@type\":\"ImageObject\",\"inLanguage\":\"fr-FR\",\"@id\":\"https:\\\/\\\/secure.gravatar.com\\\/avatar\\\/df6243cb205ef4e8568a6146f1ed8ffe59315350fda8875bc3750fc517116ba3?s=96&d=mm&r=g\",\"url\":\"https:\\\/\\\/secure.gravatar.com\\\/avatar\\\/df6243cb205ef4e8568a6146f1ed8ffe59315350fda8875bc3750fc517116ba3?s=96&d=mm&r=g\",\"contentUrl\":\"https:\\\/\\\/secure.gravatar.com\\\/avatar\\\/df6243cb205ef4e8568a6146f1ed8ffe59315350fda8875bc3750fc517116ba3?s=96&d=mm&r=g\",\"caption\":\"omarhasaegbd\"},\"logo\":{\"@id\":\"https:\\\/\\\/secure.gravatar.com\\\/avatar\\\/df6243cb205ef4e8568a6146f1ed8ffe59315350fda8875bc3750fc517116ba3?s=96&d=mm&r=g\"}}]}<\/script>\n<!-- \/ Yoast SEO plugin. -->","yoast_head_json":{"title":"RUGBY &#060; Omar Hasan Baryton","robots":{"index":"index","follow":"follow","max-snippet":"max-snippet:-1","max-image-preview":"max-image-preview:large","max-video-preview":"max-video-preview:-1"},"canonical":"https:\/\/omarhasan.fr\/index.php\/rugby\/","og_locale":"fr_FR","og_type":"article","og_title":"RUGBY &#060; Omar Hasan Baryton","og_description":"OMAR ET LA MARMITE OVALE \u00ab\u00a0Quand j\u2019\u00e9tais petit gar\u00e7on, je r\u00e9citais mes le\u00e7ons, en chantant\u00a0!\u00a0\u00bb Euh, pardon\u00a0! Je m\u2019\u00e9gare un peu. \u00c7a c\u2019est Michel Sardou\u00a0! \u00a0Moi, quand j\u2019\u00e9tais petit gar\u00e7on, ain\u00e9 d\u2019une fratrie de cinq, j\u2019\u00e9tais plut\u00f4t une esp\u00e8ce de boucan. Vous savez, ce boucan d\u2019enfer, qui ne tient pas en place, qui cherche la [&hellip;]","og_url":"https:\/\/omarhasan.fr\/index.php\/rugby\/","og_site_name":"Omar Hasan Baryton","article_modified_time":"2020-12-19T00:09:07+00:00","twitter_card":"summary_large_image","twitter_site":"@OmaHasan","twitter_misc":{"Dur\u00e9e de lecture estim\u00e9e":"6 minutes"},"schema":{"@context":"https:\/\/schema.org","@graph":[{"@type":"WebPage","@id":"https:\/\/omarhasan.fr\/index.php\/rugby\/","url":"https:\/\/omarhasan.fr\/index.php\/rugby\/","name":"RUGBY &#060; Omar Hasan Baryton","isPartOf":{"@id":"http:\/\/omarhasan.fr\/#website"},"datePublished":"2020-02-18T17:47:13+00:00","dateModified":"2020-12-19T00:09:07+00:00","breadcrumb":{"@id":"https:\/\/omarhasan.fr\/index.php\/rugby\/#breadcrumb"},"inLanguage":"fr-FR","potentialAction":[{"@type":"ReadAction","target":["https:\/\/omarhasan.fr\/index.php\/rugby\/"]}]},{"@type":"BreadcrumbList","@id":"https:\/\/omarhasan.fr\/index.php\/rugby\/#breadcrumb","itemListElement":[{"@type":"ListItem","position":1,"name":"Portada","item":"https:\/\/omarhasan.fr\/"},{"@type":"ListItem","position":2,"name":"RUGBY"}]},{"@type":"WebSite","@id":"http:\/\/omarhasan.fr\/#website","url":"http:\/\/omarhasan.fr\/","name":"Omar Hasan Baryton","description":"Omar Hasan Baryton","publisher":{"@id":"http:\/\/omarhasan.fr\/#\/schema\/person\/a4d2c7deea762e2d869c69ae57fa4aec"},"potentialAction":[{"@type":"SearchAction","target":{"@type":"EntryPoint","urlTemplate":"http:\/\/omarhasan.fr\/?s={search_term_string}"},"query-input":{"@type":"PropertyValueSpecification","valueRequired":true,"valueName":"search_term_string"}}],"inLanguage":"fr-FR"},{"@type":["Person","Organization"],"@id":"http:\/\/omarhasan.fr\/#\/schema\/person\/a4d2c7deea762e2d869c69ae57fa4aec","name":"omarhasaegbd","image":{"@type":"ImageObject","inLanguage":"fr-FR","@id":"https:\/\/secure.gravatar.com\/avatar\/df6243cb205ef4e8568a6146f1ed8ffe59315350fda8875bc3750fc517116ba3?s=96&d=mm&r=g","url":"https:\/\/secure.gravatar.com\/avatar\/df6243cb205ef4e8568a6146f1ed8ffe59315350fda8875bc3750fc517116ba3?s=96&d=mm&r=g","contentUrl":"https:\/\/secure.gravatar.com\/avatar\/df6243cb205ef4e8568a6146f1ed8ffe59315350fda8875bc3750fc517116ba3?s=96&d=mm&r=g","caption":"omarhasaegbd"},"logo":{"@id":"https:\/\/secure.gravatar.com\/avatar\/df6243cb205ef4e8568a6146f1ed8ffe59315350fda8875bc3750fc517116ba3?s=96&d=mm&r=g"}}]}},"_links":{"self":[{"href":"https:\/\/omarhasan.fr\/index.php\/wp-json\/wp\/v2\/pages\/245","targetHints":{"allow":["GET"]}}],"collection":[{"href":"https:\/\/omarhasan.fr\/index.php\/wp-json\/wp\/v2\/pages"}],"about":[{"href":"https:\/\/omarhasan.fr\/index.php\/wp-json\/wp\/v2\/types\/page"}],"author":[{"embeddable":true,"href":"https:\/\/omarhasan.fr\/index.php\/wp-json\/wp\/v2\/users\/1"}],"replies":[{"embeddable":true,"href":"https:\/\/omarhasan.fr\/index.php\/wp-json\/wp\/v2\/comments?post=245"}],"version-history":[{"count":8,"href":"https:\/\/omarhasan.fr\/index.php\/wp-json\/wp\/v2\/pages\/245\/revisions"}],"predecessor-version":[{"id":340,"href":"https:\/\/omarhasan.fr\/index.php\/wp-json\/wp\/v2\/pages\/245\/revisions\/340"}],"wp:attachment":[{"href":"https:\/\/omarhasan.fr\/index.php\/wp-json\/wp\/v2\/media?parent=245"}],"curies":[{"name":"wp","href":"https:\/\/api.w.org\/{rel}","templated":true}]}}