{"id":253,"date":"2020-02-18T18:52:31","date_gmt":"2020-02-18T17:52:31","guid":{"rendered":"http:\/\/omarhasan.fr\/?page_id=253"},"modified":"2020-12-19T01:09:29","modified_gmt":"2020-12-19T00:09:29","slug":"en-scene","status":"publish","type":"page","link":"https:\/\/omarhasan.fr\/index.php\/en-scene\/","title":{"rendered":"EN SCENE"},"content":{"rendered":"<p>[et_pb_section fb_built=\u00a0\u00bb1&Prime; _builder_version=\u00a0\u00bb4.0.2&Prime; background_color=\u00a0\u00bb#000000&Prime; background_image=\u00a0\u00bbhttp:\/\/vafdmd.com\/oh\/wp-content\/uploads\/2019\/10\/food-bank_57.png\u00a0\u00bb custom_padding=\u00a0\u00bb0px||84px|||\u00a0\u00bb][\/et_pb_section][et_pb_section fb_built=\u00a0\u00bb1&Prime; fullwidth=\u00a0\u00bbon\u00a0\u00bb _builder_version=\u00a0\u00bb4.0.6&Prime;][et_pb_fullwidth_image src=\u00a0\u00bbhttp:\/\/omarhasan.fr\/wp-content\/uploads\/2020\/02\/toulousse-fest-s.jpg\u00a0\u00bb _builder_version=\u00a0\u00bb4.0.6&Prime;][\/et_pb_fullwidth_image][\/et_pb_section][et_pb_section fb_built=\u00a0\u00bb1&Prime; _builder_version=\u00a0\u00bb4.0.2&Prime; custom_padding=\u00a0\u00bb21px||29px|||\u00a0\u00bb][et_pb_row _builder_version=\u00a0\u00bb4.0.2&Prime; custom_padding=\u00a0\u00bb||1px|||\u00a0\u00bb][et_pb_column type=\u00a0\u00bb4_4&Prime; _builder_version=\u00a0\u00bb4.0.2&Prime;][et_pb_text _builder_version=\u00a0\u00bb4.0.6&Prime;]<\/p>\n<header class=\"major\">\n<h1 style=\"text-align: center;\">OMAR EN SCENE<\/h1>\n<\/header>\n<p style=\"text-align: justify;\"><span><\/span><\/p>\n<p style=\"text-align: justify;\"><span style=\"font-weight: 400;\">Un jour je suis arriv\u00e9 dans un lieu vivant, un lieu bruyant, un lieu immense, un terrain de jeu color\u00e9 et structur\u00e9\u00a0! Du vert, des poteaux, un ballon, ou plut\u00f4t<\/span> <span style=\"font-weight: 400;\">une olive<\/span><span style=\"font-weight: 400;\">, <\/span><span style=\"font-weight: 400;\">des adversaires en face et des co\u00e9quipiers \u00e0 mes c\u00f4t\u00e9s. Et enfin des gens partout, le public?\u00a0<\/span><\/p>\n<p style=\"text-align: justify;\"><span style=\"font-weight: 400;\">Sans aucun doute mon premier public. J\u2019ai tellement aim\u00e9 ces moments de liesse!\u00a0<\/span><\/p>\n<p style=\"text-align: justify;\"><span style=\"font-weight: 400;\">Alors l\u00e0 je suis rentr\u00e9 de plain-pied dans la vie\u00a0! Une vie qui me ressemble, une vie faite d\u2019affrontements ordonn\u00e9s et de repos m\u00e9rit\u00e9\u00a0! Une vie que j\u2019ai aim\u00e9e avec un public de supporters qui m\u2019a transport\u00e9, au-del\u00e0 du terrain et qui m\u2019a donn\u00e9 le courage de prolonger cette vie sur les planches, sur cette sc\u00e8ne que je v\u00e9n\u00e8re tant et qui m\u2018extirpe de ma vie d\u2019OMAR HASAN pour me propulser dans mes r\u00eaves d\u2019OMAR EN SCENE.\u00a0 <\/span><\/p>\n<p>[\/et_pb_text][\/et_pb_column][\/et_pb_row][\/et_pb_section][et_pb_section fb_built=\u00a0\u00bb1&Prime; _builder_version=\u00a0\u00bb4.0.2&Prime; background_image=\u00a0\u00bbhttp:\/\/vafdmd.com\/oh\/wp-content\/uploads\/2019\/10\/food-bank_56.png\u00a0\u00bb custom_padding=\u00a0\u00bb35px||8px|||\u00a0\u00bb][et_pb_row _builder_version=\u00a0\u00bb4.0.2&Prime;][et_pb_column type=\u00a0\u00bb4_4&Prime; _builder_version=\u00a0\u00bb4.0.2&Prime;][et_pb_social_media_follow _builder_version=\u00a0\u00bb4.7.7&Prime; text_orientation=\u00a0\u00bbcenter\u00a0\u00bb][et_pb_social_media_follow_network social_network=\u00a0\u00bbfacebook\u00a0\u00bb url=\u00a0\u00bbhttps:\/\/www.facebook.com\/Omar-Hasan-135399816500972&Prime; icon_color=\u00a0\u00bb#ffffff\u00a0\u00bb use_icon_font_size=\u00a0\u00bbon\u00a0\u00bb icon_font_size=\u00a0\u00bb25px\u00a0\u00bb _builder_version=\u00a0\u00bb4.7.7&Prime; background_color=\u00a0\u00bb#3b5998&Prime; follow_button=\u00a0\u00bboff\u00a0\u00bb url_new_window=\u00a0\u00bbon\u00a0\u00bb]facebook[\/et_pb_social_media_follow_network][et_pb_social_media_follow_network social_network=\u00a0\u00bbtwitter\u00a0\u00bb url=\u00a0\u00bbhttps:\/\/twitter.com\/OmaHasan\u00a0\u00bb use_icon_font_size=\u00a0\u00bbon\u00a0\u00bb icon_font_size=\u00a0\u00bb25px\u00a0\u00bb _builder_version=\u00a0\u00bb4.7.7&Prime; background_color=\u00a0\u00bb#00aced\u00a0\u00bb follow_button=\u00a0\u00bboff\u00a0\u00bb url_new_window=\u00a0\u00bbon\u00a0\u00bb]twitter[\/et_pb_social_media_follow_network][et_pb_social_media_follow_network social_network=\u00a0\u00bblinkedin\u00a0\u00bb url=\u00a0\u00bbhttps:\/\/www.linkedin.com\/in\/omar-hasan-a1186a18\/\u00a0\u00bb use_icon_font_size=\u00a0\u00bbon\u00a0\u00bb icon_font_size=\u00a0\u00bb25px\u00a0\u00bb _builder_version=\u00a0\u00bb4.7.7&Prime; background_color=\u00a0\u00bb#007bb6&Prime; follow_button=\u00a0\u00bboff\u00a0\u00bb url_new_window=\u00a0\u00bbon\u00a0\u00bb]linkedin[\/et_pb_social_media_follow_network][et_pb_social_media_follow_network social_network=\u00a0\u00bbinstagram\u00a0\u00bb url=\u00a0\u00bbhttps:\/\/www.instagram.com\/omarhasan_baryton\/\u00a0\u00bb use_icon_font_size=\u00a0\u00bbon\u00a0\u00bb icon_font_size=\u00a0\u00bb25px\u00a0\u00bb _builder_version=\u00a0\u00bb4.7.7&Prime; background_color=\u00a0\u00bb#ea2c59&Prime; follow_button=\u00a0\u00bboff\u00a0\u00bb url_new_window=\u00a0\u00bbon\u00a0\u00bb]instagram[\/et_pb_social_media_follow_network][\/et_pb_social_media_follow][\/et_pb_column][\/et_pb_row][\/et_pb_section]<\/p>\n","protected":false},"excerpt":{"rendered":"<p>OMAR EN SCENE Un jour je suis arriv\u00e9 dans un lieu vivant, un lieu bruyant, un lieu immense, un terrain de jeu color\u00e9 et structur\u00e9\u00a0! Du vert, des poteaux, un ballon, ou plut\u00f4t une olive, des adversaires en face et des co\u00e9quipiers \u00e0 mes c\u00f4t\u00e9s. Et enfin des gens partout, le public?\u00a0 Sans aucun doute [&hellip;]<\/p>\n","protected":false},"author":1,"featured_media":0,"parent":0,"menu_order":0,"comment_status":"closed","ping_status":"closed","template":"","meta":{"_et_pb_use_builder":"on","_et_pb_old_content":"","_et_gb_content_width":"","footnotes":""},"class_list":["post-253","page","type-page","status-publish","hentry"],"yoast_head":"<!-- This site is optimized with the Yoast SEO plugin v27.4 - https:\/\/yoast.com\/product\/yoast-seo-wordpress\/ -->\n<title>EN SCENE &#060; Omar Hasan Baryton<\/title>\n<meta name=\"robots\" content=\"index, follow, max-snippet:-1, max-image-preview:large, max-video-preview:-1\" \/>\n<link rel=\"canonical\" href=\"https:\/\/omarhasan.fr\/index.php\/en-scene\/\" \/>\n<meta property=\"og:locale\" content=\"fr_FR\" \/>\n<meta property=\"og:type\" content=\"article\" \/>\n<meta property=\"og:title\" content=\"EN SCENE &#060; Omar Hasan Baryton\" \/>\n<meta property=\"og:description\" content=\"OMAR EN SCENE Un jour je suis arriv\u00e9 dans un lieu vivant, un lieu bruyant, un lieu immense, un terrain de jeu color\u00e9 et structur\u00e9\u00a0! Du vert, des poteaux, un ballon, ou plut\u00f4t une olive, des adversaires en face et des co\u00e9quipiers \u00e0 mes c\u00f4t\u00e9s. Et enfin des gens partout, le public?\u00a0 Sans aucun doute [&hellip;]\" \/>\n<meta property=\"og:url\" content=\"https:\/\/omarhasan.fr\/index.php\/en-scene\/\" \/>\n<meta property=\"og:site_name\" content=\"Omar Hasan Baryton\" \/>\n<meta property=\"article:modified_time\" content=\"2020-12-19T00:09:29+00:00\" \/>\n<meta name=\"twitter:card\" content=\"summary_large_image\" \/>\n<meta name=\"twitter:site\" content=\"@OmaHasan\" \/>\n<meta name=\"twitter:label1\" content=\"Dur\u00e9e de lecture estim\u00e9e\" \/>\n\t<meta name=\"twitter:data1\" content=\"2 minutes\" \/>\n<script type=\"application\/ld+json\" class=\"yoast-schema-graph\">{\"@context\":\"https:\\\/\\\/schema.org\",\"@graph\":[{\"@type\":\"WebPage\",\"@id\":\"https:\\\/\\\/omarhasan.fr\\\/index.php\\\/en-scene\\\/\",\"url\":\"https:\\\/\\\/omarhasan.fr\\\/index.php\\\/en-scene\\\/\",\"name\":\"EN SCENE &#060; Omar Hasan Baryton\",\"isPartOf\":{\"@id\":\"http:\\\/\\\/omarhasan.fr\\\/#website\"},\"datePublished\":\"2020-02-18T17:52:31+00:00\",\"dateModified\":\"2020-12-19T00:09:29+00:00\",\"breadcrumb\":{\"@id\":\"https:\\\/\\\/omarhasan.fr\\\/index.php\\\/en-scene\\\/#breadcrumb\"},\"inLanguage\":\"fr-FR\",\"potentialAction\":[{\"@type\":\"ReadAction\",\"target\":[\"https:\\\/\\\/omarhasan.fr\\\/index.php\\\/en-scene\\\/\"]}]},{\"@type\":\"BreadcrumbList\",\"@id\":\"https:\\\/\\\/omarhasan.fr\\\/index.php\\\/en-scene\\\/#breadcrumb\",\"itemListElement\":[{\"@type\":\"ListItem\",\"position\":1,\"name\":\"Portada\",\"item\":\"https:\\\/\\\/omarhasan.fr\\\/\"},{\"@type\":\"ListItem\",\"position\":2,\"name\":\"EN SCENE\"}]},{\"@type\":\"WebSite\",\"@id\":\"http:\\\/\\\/omarhasan.fr\\\/#website\",\"url\":\"http:\\\/\\\/omarhasan.fr\\\/\",\"name\":\"Omar Hasan Baryton\",\"description\":\"Omar Hasan Baryton\",\"publisher\":{\"@id\":\"http:\\\/\\\/omarhasan.fr\\\/#\\\/schema\\\/person\\\/a4d2c7deea762e2d869c69ae57fa4aec\"},\"potentialAction\":[{\"@type\":\"SearchAction\",\"target\":{\"@type\":\"EntryPoint\",\"urlTemplate\":\"http:\\\/\\\/omarhasan.fr\\\/?s={search_term_string}\"},\"query-input\":{\"@type\":\"PropertyValueSpecification\",\"valueRequired\":true,\"valueName\":\"search_term_string\"}}],\"inLanguage\":\"fr-FR\"},{\"@type\":[\"Person\",\"Organization\"],\"@id\":\"http:\\\/\\\/omarhasan.fr\\\/#\\\/schema\\\/person\\\/a4d2c7deea762e2d869c69ae57fa4aec\",\"name\":\"omarhasaegbd\",\"image\":{\"@type\":\"ImageObject\",\"inLanguage\":\"fr-FR\",\"@id\":\"https:\\\/\\\/secure.gravatar.com\\\/avatar\\\/df6243cb205ef4e8568a6146f1ed8ffe59315350fda8875bc3750fc517116ba3?s=96&d=mm&r=g\",\"url\":\"https:\\\/\\\/secure.gravatar.com\\\/avatar\\\/df6243cb205ef4e8568a6146f1ed8ffe59315350fda8875bc3750fc517116ba3?s=96&d=mm&r=g\",\"contentUrl\":\"https:\\\/\\\/secure.gravatar.com\\\/avatar\\\/df6243cb205ef4e8568a6146f1ed8ffe59315350fda8875bc3750fc517116ba3?s=96&d=mm&r=g\",\"caption\":\"omarhasaegbd\"},\"logo\":{\"@id\":\"https:\\\/\\\/secure.gravatar.com\\\/avatar\\\/df6243cb205ef4e8568a6146f1ed8ffe59315350fda8875bc3750fc517116ba3?s=96&d=mm&r=g\"}}]}<\/script>\n<!-- \/ Yoast SEO plugin. -->","yoast_head_json":{"title":"EN SCENE &#060; Omar Hasan Baryton","robots":{"index":"index","follow":"follow","max-snippet":"max-snippet:-1","max-image-preview":"max-image-preview:large","max-video-preview":"max-video-preview:-1"},"canonical":"https:\/\/omarhasan.fr\/index.php\/en-scene\/","og_locale":"fr_FR","og_type":"article","og_title":"EN SCENE &#060; Omar Hasan Baryton","og_description":"OMAR EN SCENE Un jour je suis arriv\u00e9 dans un lieu vivant, un lieu bruyant, un lieu immense, un terrain de jeu color\u00e9 et structur\u00e9\u00a0! Du vert, des poteaux, un ballon, ou plut\u00f4t une olive, des adversaires en face et des co\u00e9quipiers \u00e0 mes c\u00f4t\u00e9s. Et enfin des gens partout, le public?\u00a0 Sans aucun doute [&hellip;]","og_url":"https:\/\/omarhasan.fr\/index.php\/en-scene\/","og_site_name":"Omar Hasan Baryton","article_modified_time":"2020-12-19T00:09:29+00:00","twitter_card":"summary_large_image","twitter_site":"@OmaHasan","twitter_misc":{"Dur\u00e9e de lecture estim\u00e9e":"2 minutes"},"schema":{"@context":"https:\/\/schema.org","@graph":[{"@type":"WebPage","@id":"https:\/\/omarhasan.fr\/index.php\/en-scene\/","url":"https:\/\/omarhasan.fr\/index.php\/en-scene\/","name":"EN SCENE &#060; Omar Hasan Baryton","isPartOf":{"@id":"http:\/\/omarhasan.fr\/#website"},"datePublished":"2020-02-18T17:52:31+00:00","dateModified":"2020-12-19T00:09:29+00:00","breadcrumb":{"@id":"https:\/\/omarhasan.fr\/index.php\/en-scene\/#breadcrumb"},"inLanguage":"fr-FR","potentialAction":[{"@type":"ReadAction","target":["https:\/\/omarhasan.fr\/index.php\/en-scene\/"]}]},{"@type":"BreadcrumbList","@id":"https:\/\/omarhasan.fr\/index.php\/en-scene\/#breadcrumb","itemListElement":[{"@type":"ListItem","position":1,"name":"Portada","item":"https:\/\/omarhasan.fr\/"},{"@type":"ListItem","position":2,"name":"EN SCENE"}]},{"@type":"WebSite","@id":"http:\/\/omarhasan.fr\/#website","url":"http:\/\/omarhasan.fr\/","name":"Omar Hasan Baryton","description":"Omar Hasan Baryton","publisher":{"@id":"http:\/\/omarhasan.fr\/#\/schema\/person\/a4d2c7deea762e2d869c69ae57fa4aec"},"potentialAction":[{"@type":"SearchAction","target":{"@type":"EntryPoint","urlTemplate":"http:\/\/omarhasan.fr\/?s={search_term_string}"},"query-input":{"@type":"PropertyValueSpecification","valueRequired":true,"valueName":"search_term_string"}}],"inLanguage":"fr-FR"},{"@type":["Person","Organization"],"@id":"http:\/\/omarhasan.fr\/#\/schema\/person\/a4d2c7deea762e2d869c69ae57fa4aec","name":"omarhasaegbd","image":{"@type":"ImageObject","inLanguage":"fr-FR","@id":"https:\/\/secure.gravatar.com\/avatar\/df6243cb205ef4e8568a6146f1ed8ffe59315350fda8875bc3750fc517116ba3?s=96&d=mm&r=g","url":"https:\/\/secure.gravatar.com\/avatar\/df6243cb205ef4e8568a6146f1ed8ffe59315350fda8875bc3750fc517116ba3?s=96&d=mm&r=g","contentUrl":"https:\/\/secure.gravatar.com\/avatar\/df6243cb205ef4e8568a6146f1ed8ffe59315350fda8875bc3750fc517116ba3?s=96&d=mm&r=g","caption":"omarhasaegbd"},"logo":{"@id":"https:\/\/secure.gravatar.com\/avatar\/df6243cb205ef4e8568a6146f1ed8ffe59315350fda8875bc3750fc517116ba3?s=96&d=mm&r=g"}}]}},"_links":{"self":[{"href":"https:\/\/omarhasan.fr\/index.php\/wp-json\/wp\/v2\/pages\/253","targetHints":{"allow":["GET"]}}],"collection":[{"href":"https:\/\/omarhasan.fr\/index.php\/wp-json\/wp\/v2\/pages"}],"about":[{"href":"https:\/\/omarhasan.fr\/index.php\/wp-json\/wp\/v2\/types\/page"}],"author":[{"embeddable":true,"href":"https:\/\/omarhasan.fr\/index.php\/wp-json\/wp\/v2\/users\/1"}],"replies":[{"embeddable":true,"href":"https:\/\/omarhasan.fr\/index.php\/wp-json\/wp\/v2\/comments?post=253"}],"version-history":[{"count":4,"href":"https:\/\/omarhasan.fr\/index.php\/wp-json\/wp\/v2\/pages\/253\/revisions"}],"predecessor-version":[{"id":341,"href":"https:\/\/omarhasan.fr\/index.php\/wp-json\/wp\/v2\/pages\/253\/revisions\/341"}],"wp:attachment":[{"href":"https:\/\/omarhasan.fr\/index.php\/wp-json\/wp\/v2\/media?parent=253"}],"curies":[{"name":"wp","href":"https:\/\/api.w.org\/{rel}","templated":true}]}}